{"id":17,"date":"2024-11-25T19:12:32","date_gmt":"2024-11-25T19:12:32","guid":{"rendered":"https:\/\/agenciaferrerpalacios.com\/desarrollo\/services\/"},"modified":"2024-12-17T16:53:08","modified_gmt":"2024-12-17T16:53:08","slug":"services","status":"publish","type":"page","link":"https:\/\/agenciaferrerpalacios.com\/inicio\/services\/","title":{"rendered":"Servicios"},"content":{"rendered":"\n\n\n\n\n\n\n\n\n\n\n\n\n<em>\u201cSoluciones\ninmobiliarias integrales.\u201d<\/em>\n\n<span style=\"color: rgb(0, 71, 178); font-family: Montserrat; font-size: 30px; letter-spacing: normal; text-align: center; text-transform: none; text-decoration-style: initial;\"><strong>M\u00e1s de 72 a\u00f1os de experiencia y confianza.<\/strong><\/span>\n\n\n\n\n\n<ul style=\"margin-top:0cm\" type=\"disc\">\n <ul style=\"margin-top:0cm\" type=\"disc\">\n <li class=\"MsoNormal\"><b>An\u00e1lisis\n     de Mercado:<\/b> Evaluaci\u00f3n detallada de las tendencias y din\u00e1micas del\n     sector inmobiliario en zonas espec\u00edficas. Se proporciona informaci\u00f3n clave\n     sobre precios, demanda y oportunidades de inversi\u00f3n.<o:p><\/o:p><\/li><\/ul><\/ul><div><br><\/div><ul style=\"margin-top:0cm\" type=\"disc\"><ul style=\"margin-top:0cm\" type=\"disc\">\n <li class=\"MsoNormal\"><b>Asesor\u00eda\n     para Inversionistas:<\/b> Orientaci\u00f3n en la identificaci\u00f3n de oportunidades\n     de compra o desarrollo de bienes ra\u00edces con mayor potencial de retorno.<o:p><\/o:p><\/li><\/ul><\/ul><div><br><\/div><ul style=\"margin-top:0cm\" type=\"disc\"><ul style=\"margin-top:0cm\" type=\"disc\">\n <li class=\"MsoNormal\"><b>Evaluaciones\n     de Factibilidad:<\/b> Estudios t\u00e9cnicos y financieros para garantizar la\n     viabilidad de proyectos residenciales o comerciales.<o:p><\/o:p><\/li>\n<\/ul><\/ul><ul style=\"margin-top:0cm\" type=\"disc\">\n<\/ul>\n\n\n\n\n\n\n\n\n<ul style=\"margin-top:0cm\" type=\"disc\">\n <ul style=\"margin-top:0cm\" type=\"disc\">\n <li class=\"MsoNormal\"><b>Gesti\u00f3n\n     Integral:<\/b> Supervisi\u00f3n y coordinaci\u00f3n de todas las fases de un proyecto\n     inmobiliario, desde la conceptualizaci\u00f3n hasta la finalizaci\u00f3n.<o:p><\/o:p><\/li><\/ul><\/ul><div><br><\/div><ul style=\"margin-top:0cm\" type=\"disc\"><ul style=\"margin-top:0cm\" type=\"disc\">\n <li class=\"MsoNormal\"><b>Planificaci\u00f3n\n     Estrat\u00e9gica:<\/b> Desarrollo de cronogramas detallados, presupuestos y\n     planes de ejecuci\u00f3n que aseguren el cumplimiento de objetivos.<o:p><\/o:p><\/li><\/ul><\/ul><div><br><\/div><ul style=\"margin-top:0cm\" type=\"disc\"><ul style=\"margin-top:0cm\" type=\"disc\">\n <li class=\"MsoNormal\"><b>Relaci\u00f3n\n     con Proveedores:<\/b> Gesti\u00f3n de contratistas, arquitectos y proveedores\n     clave para optimizar costos y calidad.<o:p><\/o:p><\/li><\/ul><\/ul><div><br><\/div><ul style=\"margin-top:0cm\" type=\"disc\"><ul style=\"margin-top:0cm\" type=\"disc\">\n <li class=\"MsoNormal\"><b>Control\n     de Calidad:<\/b> Supervisi\u00f3n en cada etapa para garantizar que los\n     est\u00e1ndares sean alcanzados.<o:p><\/o:p><\/li>\n<\/ul><\/ul><ul style=\"margin-top:0cm\" type=\"disc\">\n<\/ul>\n\n\n\n\n\n\n\n\n<ul style=\"margin-top:0cm\" type=\"disc\">\n <ul style=\"margin-top:0cm\" type=\"disc\">\n <ul style=\"margin-top:0cm\" type=\"disc\">\n <li class=\"MsoNormal\"><b>Venta\n     de Propiedades:<\/b> Promoci\u00f3n y comercializaci\u00f3n de inmuebles\n     residenciales, comerciales e industriales, utilizando estrategias de\n     marketing modernas y redes de contactos.<o:p><\/o:p><\/li><\/ul><\/ul><\/ul><div><br><\/div><ul style=\"margin-top:0cm\" type=\"disc\"><ul style=\"margin-top:0cm\" type=\"disc\"><ul style=\"margin-top:0cm\" type=\"disc\">\n <li class=\"MsoNormal\"><b>Alquiler\n     de Bienes Ra\u00edces:<\/b> Gesti\u00f3n de contratos de arrendamiento, asegurando\n     t\u00e9rminos favorables para todas las partes.<o:p><\/o:p><\/li><\/ul><\/ul><\/ul><div><br><\/div><ul style=\"margin-top:0cm\" type=\"disc\"><ul style=\"margin-top:0cm\" type=\"disc\"><ul style=\"margin-top:0cm\" type=\"disc\">\n <li class=\"MsoNormal\"><b>Negociaciones\n     Profesionales:<\/b> Representaci\u00f3n de compradores o vendedores para obtener\n     acuerdos favorables en las transacciones.<o:p><\/o:p><\/li>\n<\/ul><\/ul><\/ul><ul style=\"margin-top:0cm\" type=\"disc\"><ul style=\"margin-top:0cm\" type=\"disc\">\n<\/ul>\n<\/ul>\n\n\n\n\n\n\n\n\n<ul style=\"margin-top:0cm\" type=\"disc\">\n <ul style=\"margin-top:0cm\" type=\"disc\">\n <ul style=\"margin-top:0cm\" type=\"disc\">\n <li class=\"MsoNormal\"><b>Tasaciones\n     Profesionales:<\/b> Valoraci\u00f3n precisa de propiedades basada en an\u00e1lisis\n     comparativo de mercado, caracter\u00edsticas \u00fanicas y ubicaciones.<o:p><\/o:p><\/li><\/ul><\/ul><\/ul><div><br><\/div><ul style=\"margin-top:0cm\" type=\"disc\"><ul style=\"margin-top:0cm\" type=\"disc\"><ul style=\"margin-top:0cm\" type=\"disc\">\n <li class=\"MsoNormal\"><b>Estudios\n     de Impacto:<\/b> Evaluaci\u00f3n de c\u00f3mo un proyecto afecta su entorno y\n     recomendaciones para mitigar riesgos.<o:p><\/o:p><\/li><\/ul><\/ul><\/ul><div><br><\/div><ul style=\"margin-top:0cm\" type=\"disc\"><ul style=\"margin-top:0cm\" type=\"disc\"><ul style=\"margin-top:0cm\" type=\"disc\">\n <li class=\"MsoNormal\"><b>An\u00e1lisis\n     de Rentabilidad:<\/b> Proyecci\u00f3n de ingresos futuros y evaluaci\u00f3n de costos\n     para inversiones inmobiliarias.<o:p><\/o:p><\/li>\n<\/ul><\/ul><\/ul><ul style=\"margin-top:0cm\" type=\"disc\">\n<\/ul>\n\n\n\n\n\n\n\n\n<ul style=\"margin-top:0cm\" type=\"disc\">\n <ul style=\"margin-top:0cm\" type=\"disc\">\n <ul style=\"margin-top:0cm\" type=\"disc\">\n <ul style=\"margin-top:0cm\" type=\"disc\">\n <li class=\"MsoNormal\"><b>Redacci\u00f3n\n     de Contratos:<\/b> Preparaci\u00f3n de documentos legales claros y precisos para\n     evitar conflictos futuros.<o:p><\/o:p><\/li><\/ul><\/ul><\/ul><\/ul><div><br><\/div><ul style=\"margin-top:0cm\" type=\"disc\"><ul style=\"margin-top:0cm\" type=\"disc\"><ul style=\"margin-top:0cm\" type=\"disc\"><ul style=\"margin-top:0cm\" type=\"disc\">\n <li class=\"MsoNormal\"><b>Gesti\u00f3n\n     de Documentos:<\/b> Tr\u00e1mites para registro de propiedades y certificaciones\n     legales en entes p\u00fablicos.<o:p><\/o:p><\/li><\/ul><\/ul><\/ul><\/ul><div><br><\/div><ul style=\"margin-top:0cm\" type=\"disc\"><ul style=\"margin-top:0cm\" type=\"disc\"><ul style=\"margin-top:0cm\" type=\"disc\"><ul style=\"margin-top:0cm\" type=\"disc\">\n <li class=\"MsoNormal\"><b>Resoluci\u00f3n\n     de Disputas:<\/b> Representaci\u00f3n y asesoramiento en casos de conflictos\n     relacionados con bienes ra\u00edces.<o:p><\/o:p><\/li>\n<\/ul><\/ul><\/ul><\/ul><ul style=\"margin-top:0cm\" type=\"disc\"><ul style=\"margin-top:0cm\" type=\"disc\"><ul style=\"margin-top:0cm\" type=\"disc\">\n<\/ul><\/ul><\/ul><ul style=\"margin-top:0cm\" type=\"disc\">\n<\/ul>\n\n\n\n\n\n\n\n\n<ul style=\"margin-top:0cm\" type=\"disc\">\n <ul style=\"margin-top:0cm\" type=\"disc\">\n <ul style=\"margin-top:0cm\" type=\"disc\">\n <ul style=\"margin-top:0cm\" type=\"disc\">\n <li class=\"MsoNormal\"><b>Proyectos\n     Residenciales:<\/b> Enfocados en el dise\u00f1o, planificaci\u00f3n y construcci\u00f3n de\n     viviendas familiares y multifamiliares.<o:p><\/o:p><\/li><\/ul><\/ul><\/ul><\/ul><div><br><\/div><ul style=\"margin-top:0cm\" type=\"disc\"><ul style=\"margin-top:0cm\" type=\"disc\"><ul style=\"margin-top:0cm\" type=\"disc\"><ul style=\"margin-top:0cm\" type=\"disc\">\n <li class=\"MsoNormal\"><b>Parques\n     Industriales y Comerciales:<\/b> Desarrollo de espacios especializados en\n     funci\u00f3n de las necesidades del mercado empresarial.<o:p><\/o:p><\/li><\/ul><\/ul><\/ul><\/ul><div><br><\/div><ul style=\"margin-top:0cm\" type=\"disc\"><ul style=\"margin-top:0cm\" type=\"disc\"><ul style=\"margin-top:0cm\" type=\"disc\"><ul style=\"margin-top:0cm\" type=\"disc\">\n <li class=\"MsoNormal\"><b>Espacios\n     Sostenibles:<\/b> Incorporaci\u00f3n de pr\u00e1cticas ecoeficientes en nuevos\n     desarrollos, promoviendo un impacto ambiental positivo.<o:p><\/o:p><\/li>\n<\/ul><\/ul><\/ul><\/ul><ul style=\"margin-top:0cm\" type=\"disc\"><ul style=\"margin-top:0cm\" type=\"disc\"><ul style=\"margin-top:0cm\" type=\"disc\">\n<\/ul><\/ul><\/ul><ul style=\"margin-top:0cm\" type=\"disc\">\n<\/ul>\n\n\n\n\n\n\n\n\n\n\n\n\n\n\n\n<em>\u201cSoluciones\ninmobiliarias integrales.\u201d<\/em>\n\n<span style=\"color: rgb(0, 71, 178); font-family: Montserrat; font-size: 30px; letter-spacing: normal; text-align: center; text-transform: none; text-decoration-style: initial;\"><strong>M\u00e1s de 72 a\u00f1os de experiencia y confianza.<\/strong><\/span>\n\n\n\n\n\n<ul style=\"margin-top:0cm\" type=\"disc\">\n <ul style=\"margin-top:0cm\" type=\"disc\">\n <li class=\"MsoNormal\"><b>An\u00e1lisis\n     de Mercado:<\/b> Evaluaci\u00f3n detallada de las tendencias y din\u00e1micas del\n     sector inmobiliario en zonas espec\u00edficas. Se proporciona informaci\u00f3n clave\n     sobre precios, demanda y oportunidades de inversi\u00f3n.<o:p><\/o:p><\/li><\/ul><\/ul><div><br><\/div><ul style=\"margin-top:0cm\" type=\"disc\"><ul style=\"margin-top:0cm\" type=\"disc\">\n <li class=\"MsoNormal\"><b>Asesor\u00eda\n     para Inversionistas:<\/b> Orientaci\u00f3n en la identificaci\u00f3n de oportunidades\n     de compra o desarrollo de bienes ra\u00edces con mayor potencial de retorno.<o:p><\/o:p><\/li><\/ul><\/ul><div><br><\/div><ul style=\"margin-top:0cm\" type=\"disc\"><ul style=\"margin-top:0cm\" type=\"disc\">\n <li class=\"MsoNormal\"><b>Evaluaciones\n     de Factibilidad:<\/b> Estudios t\u00e9cnicos y financieros para garantizar la\n     viabilidad de proyectos residenciales o comerciales.<o:p><\/o:p><\/li>\n<\/ul><\/ul><ul style=\"margin-top:0cm\" type=\"disc\">\n<\/ul>\n\n\n\n\n\n\n\n\n<ul style=\"margin-top:0cm\" type=\"disc\">\n <ul style=\"margin-top:0cm\" type=\"disc\">\n <li class=\"MsoNormal\"><b>Gesti\u00f3n\n     Integral:<\/b> Supervisi\u00f3n y coordinaci\u00f3n de todas las fases de un proyecto\n     inmobiliario, desde la conceptualizaci\u00f3n hasta la finalizaci\u00f3n.<o:p><\/o:p><\/li><\/ul><\/ul><div><br><\/div><ul style=\"margin-top:0cm\" type=\"disc\"><ul style=\"margin-top:0cm\" type=\"disc\">\n <li class=\"MsoNormal\"><b>Planificaci\u00f3n\n     Estrat\u00e9gica:<\/b> Desarrollo de cronogramas detallados, presupuestos y\n     planes de ejecuci\u00f3n que aseguren el cumplimiento de objetivos.<o:p><\/o:p><\/li><\/ul><\/ul><div><br><\/div><ul style=\"margin-top:0cm\" type=\"disc\"><ul style=\"margin-top:0cm\" type=\"disc\">\n <li class=\"MsoNormal\"><b>Relaci\u00f3n\n     con Proveedores:<\/b> Gesti\u00f3n de contratistas, arquitectos y proveedores\n     clave para optimizar costos y calidad.<o:p><\/o:p><\/li><\/ul><\/ul><div><br><\/div><ul style=\"margin-top:0cm\" type=\"disc\"><ul style=\"margin-top:0cm\" type=\"disc\">\n <li class=\"MsoNormal\"><b>Control\n     de Calidad:<\/b> Supervisi\u00f3n en cada etapa para garantizar que los\n     est\u00e1ndares sean alcanzados.<o:p><\/o:p><\/li>\n<\/ul><\/ul><ul style=\"margin-top:0cm\" type=\"disc\">\n<\/ul>\n\n\n\n\n\n\n\n\n<ul style=\"margin-top:0cm\" type=\"disc\">\n <ul style=\"margin-top:0cm\" type=\"disc\">\n <ul style=\"margin-top:0cm\" type=\"disc\">\n <li class=\"MsoNormal\"><b>Venta\n     de Propiedades:<\/b> Promoci\u00f3n y comercializaci\u00f3n de inmuebles\n     residenciales, comerciales e industriales, utilizando estrategias de\n     marketing modernas y redes de contactos.<o:p><\/o:p><\/li><\/ul><\/ul><\/ul><div><br><\/div><ul style=\"margin-top:0cm\" type=\"disc\"><ul style=\"margin-top:0cm\" type=\"disc\"><ul style=\"margin-top:0cm\" type=\"disc\">\n <li class=\"MsoNormal\"><b>Alquiler\n     de Bienes Ra\u00edces:<\/b> Gesti\u00f3n de contratos de arrendamiento, asegurando\n     t\u00e9rminos favorables para todas las partes.<o:p><\/o:p><\/li><\/ul><\/ul><\/ul><div><br><\/div><ul style=\"margin-top:0cm\" type=\"disc\"><ul style=\"margin-top:0cm\" type=\"disc\"><ul style=\"margin-top:0cm\" type=\"disc\">\n <li class=\"MsoNormal\"><b>Negociaciones\n     Profesionales:<\/b> Representaci\u00f3n de compradores o vendedores para obtener\n     acuerdos favorables en las transacciones.<o:p><\/o:p><\/li>\n<\/ul><\/ul><\/ul><ul style=\"margin-top:0cm\" type=\"disc\"><ul style=\"margin-top:0cm\" type=\"disc\">\n<\/ul>\n<\/ul>\n\n\n\n\n\n\n\n\n<ul style=\"margin-top:0cm\" type=\"disc\">\n <ul style=\"margin-top:0cm\" type=\"disc\">\n <ul style=\"margin-top:0cm\" type=\"disc\">\n <li class=\"MsoNormal\"><b>Tasaciones\n     Profesionales:<\/b> Valoraci\u00f3n precisa de propiedades basada en an\u00e1lisis\n     comparativo de mercado, caracter\u00edsticas \u00fanicas y ubicaciones.<o:p><\/o:p><\/li><\/ul><\/ul><\/ul><div><br><\/div><ul style=\"margin-top:0cm\" type=\"disc\"><ul style=\"margin-top:0cm\" type=\"disc\"><ul style=\"margin-top:0cm\" type=\"disc\">\n <li class=\"MsoNormal\"><b>Estudios\n     de Impacto:<\/b> Evaluaci\u00f3n de c\u00f3mo un proyecto afecta su entorno y\n     recomendaciones para mitigar riesgos.<o:p><\/o:p><\/li><\/ul><\/ul><\/ul><div><br><\/div><ul style=\"margin-top:0cm\" type=\"disc\"><ul style=\"margin-top:0cm\" type=\"disc\"><ul style=\"margin-top:0cm\" type=\"disc\">\n <li class=\"MsoNormal\"><b>An\u00e1lisis\n     de Rentabilidad:<\/b> Proyecci\u00f3n de ingresos futuros y evaluaci\u00f3n de costos\n     para inversiones inmobiliarias.<o:p><\/o:p><\/li>\n<\/ul><\/ul><\/ul><ul style=\"margin-top:0cm\" type=\"disc\">\n<\/ul>\n\n\n\n\n\n\n\n\n<ul style=\"margin-top:0cm\" type=\"disc\">\n <ul style=\"margin-top:0cm\" type=\"disc\">\n <ul style=\"margin-top:0cm\" type=\"disc\">\n <ul style=\"margin-top:0cm\" type=\"disc\">\n <li class=\"MsoNormal\"><b>Redacci\u00f3n\n     de Contratos:<\/b> Preparaci\u00f3n de documentos legales claros y precisos para\n     evitar conflictos futuros.<o:p><\/o:p><\/li><\/ul><\/ul><\/ul><\/ul><div><br><\/div><ul style=\"margin-top:0cm\" type=\"disc\"><ul style=\"margin-top:0cm\" type=\"disc\"><ul style=\"margin-top:0cm\" type=\"disc\"><ul style=\"margin-top:0cm\" type=\"disc\">\n <li class=\"MsoNormal\"><b>Gesti\u00f3n\n     de Documentos:<\/b> Tr\u00e1mites para registro de propiedades y certificaciones\n     legales en entes p\u00fablicos.<o:p><\/o:p><\/li><\/ul><\/ul><\/ul><\/ul><div><br><\/div><ul style=\"margin-top:0cm\" type=\"disc\"><ul style=\"margin-top:0cm\" type=\"disc\"><ul style=\"margin-top:0cm\" type=\"disc\"><ul style=\"margin-top:0cm\" type=\"disc\">\n <li class=\"MsoNormal\"><b>Resoluci\u00f3n\n     de Disputas:<\/b> Representaci\u00f3n y asesoramiento en casos de conflictos\n     relacionados con bienes ra\u00edces.<o:p><\/o:p><\/li>\n<\/ul><\/ul><\/ul><\/ul><ul style=\"margin-top:0cm\" type=\"disc\"><ul style=\"margin-top:0cm\" type=\"disc\"><ul style=\"margin-top:0cm\" type=\"disc\">\n<\/ul><\/ul><\/ul><ul style=\"margin-top:0cm\" type=\"disc\">\n<\/ul>\n\n\n\n\n\n\n\n\n<ul style=\"margin-top:0cm\" type=\"disc\">\n <ul style=\"margin-top:0cm\" type=\"disc\">\n <ul style=\"margin-top:0cm\" type=\"disc\">\n <ul style=\"margin-top:0cm\" type=\"disc\">\n <li class=\"MsoNormal\"><b>Proyectos\n     Residenciales:<\/b> Enfocados en el dise\u00f1o, planificaci\u00f3n y construcci\u00f3n de\n     viviendas familiares y multifamiliares.<o:p><\/o:p><\/li><\/ul><\/ul><\/ul><\/ul><div><br><\/div><ul style=\"margin-top:0cm\" type=\"disc\"><ul style=\"margin-top:0cm\" type=\"disc\"><ul style=\"margin-top:0cm\" type=\"disc\"><ul style=\"margin-top:0cm\" type=\"disc\">\n <li class=\"MsoNormal\"><b>Parques\n     Industriales y Comerciales:<\/b> Desarrollo de espacios especializados en\n     funci\u00f3n de las necesidades del mercado empresarial.<o:p><\/o:p><\/li><\/ul><\/ul><\/ul><\/ul><div><br><\/div><ul style=\"margin-top:0cm\" type=\"disc\"><ul style=\"margin-top:0cm\" type=\"disc\"><ul style=\"margin-top:0cm\" type=\"disc\"><ul style=\"margin-top:0cm\" type=\"disc\">\n <li class=\"MsoNormal\"><b>Espacios\n     Sostenibles:<\/b> Incorporaci\u00f3n de pr\u00e1cticas ecoeficientes en nuevos\n     desarrollos, promoviendo un impacto ambiental positivo.<o:p><\/o:p><\/li>\n<\/ul><\/ul><\/ul><\/ul><ul style=\"margin-top:0cm\" type=\"disc\"><ul style=\"margin-top:0cm\" type=\"disc\"><ul style=\"margin-top:0cm\" type=\"disc\">\n<\/ul><\/ul><\/ul><ul style=\"margin-top:0cm\" type=\"disc\">\n<\/ul>\n\n\n\n\n\n\n\n\n\n\n<h2><span style=\"color: rgb(255, 255, 255); font-size: medium; font-weight: 400;\">La empresa ofrece un portafolio integral de servicios, desde administraci\u00f3n de propiedades hasta consultor\u00eda especializada. Cada servicio incluye beneficios clave como ahorro de tiempo, optimizaci\u00f3n de costos y garant\u00eda de soluciones profesionales en cada etapa del proceso inmobiliario<\/span><\/h2>\n<h2><span style=\"font-size: 11pt; line-height: 107%; font-family: Aptos, sans-serif; color: rgb(255, 255, 255);\">\u00abDescubre c\u00f3mo nuestros servicios pueden transformar la administraci\u00f3n de tus propiedades.\u00bb<\/span><\/h2>\n\n\n\n\n\n","protected":false},"excerpt":{"rendered":"","protected":false},"author":1,"featured_media":0,"parent":0,"menu_order":0,"comment_status":"closed","ping_status":"closed","template":"","meta":{"_siteseo_robots_primary_cat":"","pagelayer_contact_templates":[],"_pagelayer_content":"","footnotes":""},"class_list":["post-17","page","type-page","status-publish","hentry"],"_links":{"self":[{"href":"https:\/\/agenciaferrerpalacios.com\/inicio\/wp-json\/wp\/v2\/pages\/17","targetHints":{"allow":["GET"]}}],"collection":[{"href":"https:\/\/agenciaferrerpalacios.com\/inicio\/wp-json\/wp\/v2\/pages"}],"about":[{"href":"https:\/\/agenciaferrerpalacios.com\/inicio\/wp-json\/wp\/v2\/types\/page"}],"author":[{"embeddable":true,"href":"https:\/\/agenciaferrerpalacios.com\/inicio\/wp-json\/wp\/v2\/users\/1"}],"replies":[{"embeddable":true,"href":"https:\/\/agenciaferrerpalacios.com\/inicio\/wp-json\/wp\/v2\/comments?post=17"}],"version-history":[{"count":71,"href":"https:\/\/agenciaferrerpalacios.com\/inicio\/wp-json\/wp\/v2\/pages\/17\/revisions"}],"predecessor-version":[{"id":976,"href":"https:\/\/agenciaferrerpalacios.com\/inicio\/wp-json\/wp\/v2\/pages\/17\/revisions\/976"}],"wp:attachment":[{"href":"https:\/\/agenciaferrerpalacios.com\/inicio\/wp-json\/wp\/v2\/media?parent=17"}],"curies":[{"name":"wp","href":"https:\/\/api.w.org\/{rel}","templated":true}]}}