{"id":20,"date":"2024-11-25T19:12:32","date_gmt":"2024-11-25T19:12:32","guid":{"rendered":"https:\/\/agenciaferrerpalacios.com\/desarrollo\/contact\/"},"modified":"2025-01-06T16:47:40","modified_gmt":"2025-01-06T16:47:40","slug":"contacto","status":"publish","type":"page","link":"https:\/\/agenciaferrerpalacios.com\/inicio\/contacto\/","title":{"rendered":"Contacto"},"content":{"rendered":"\n\n\n\n\n\n\n<h2><span style=\"line-height: 107%;\">Se\u00f1ores propietarios, estamos a su disposici\u00f3n para atender todas sus consultas.<\/span><\/h2>\n<p style=\"text-align: center;\">\n<\/p><p style=\"font-family: Montserrat; text-align: center;\">En la <strong>Agencia Ferrer Palacios<\/strong>, estamos comprometidos a ofrecer <strong>soluciones innovadoras <\/strong>y <strong>personalizadas<\/strong> para cada uno de nuestros clientes. Si tienes alguna consulta, necesitas m\u00e1s informaci\u00f3n sobre nuestros servicios, o deseas agendar una reuni\u00f3n, no dudes en ponerse contacto con nosotros.<\/p>\n\n\n\n\n\n\n\n\n","protected":false},"excerpt":{"rendered":"","protected":false},"author":1,"featured_media":0,"parent":0,"menu_order":0,"comment_status":"closed","ping_status":"closed","template":"","meta":{"_siteseo_robots_primary_cat":"","pagelayer_contact_templates":{"zSIoLz1B":{"to_email":"vpaz@ferrerpalacios.com","from_email":"info@ferrerpalacios.com","cont_subject":"Contacto desde la pagina Web - Agencia Ferrer Palacios C.A.","cont_header":"Agencia Ferrer Palacios","cont_body":"<b>Nombre<\/b>: $Nombre\n<b>Email<\/b>: $Correo\n<b>Tel\u00e9fono<\/b>: $Tel\u00e9fono\n<b>Mensaje<\/b>: $Mensaje","cont_use_html":"true"}},"_pagelayer_content":"","footnotes":""},"class_list":["post-20","page","type-page","status-publish","hentry"],"_links":{"self":[{"href":"https:\/\/agenciaferrerpalacios.com\/inicio\/wp-json\/wp\/v2\/pages\/20","targetHints":{"allow":["GET"]}}],"collection":[{"href":"https:\/\/agenciaferrerpalacios.com\/inicio\/wp-json\/wp\/v2\/pages"}],"about":[{"href":"https:\/\/agenciaferrerpalacios.com\/inicio\/wp-json\/wp\/v2\/types\/page"}],"author":[{"embeddable":true,"href":"https:\/\/agenciaferrerpalacios.com\/inicio\/wp-json\/wp\/v2\/users\/1"}],"replies":[{"embeddable":true,"href":"https:\/\/agenciaferrerpalacios.com\/inicio\/wp-json\/wp\/v2\/comments?post=20"}],"version-history":[{"count":71,"href":"https:\/\/agenciaferrerpalacios.com\/inicio\/wp-json\/wp\/v2\/pages\/20\/revisions"}],"predecessor-version":[{"id":993,"href":"https:\/\/agenciaferrerpalacios.com\/inicio\/wp-json\/wp\/v2\/pages\/20\/revisions\/993"}],"wp:attachment":[{"href":"https:\/\/agenciaferrerpalacios.com\/inicio\/wp-json\/wp\/v2\/media?parent=20"}],"curies":[{"name":"wp","href":"https:\/\/api.w.org\/{rel}","templated":true}]}}